{"id":2859,"date":"2022-04-01T10:09:23","date_gmt":"2022-04-01T08:09:23","guid":{"rendered":"https:\/\/instain.com\/testimonios-clientes\/"},"modified":"2022-04-06T12:10:35","modified_gmt":"2022-04-06T10:10:35","slug":"testimonis-clients","status":"publish","type":"page","link":"https:\/\/instain.com\/ca\/testimonis-clients\/","title":{"rendered":"Testimonis de Clients"},"content":{"rendered":"\t\t<div data-elementor-type=\"wp-page\" data-elementor-id=\"2859\" class=\"elementor elementor-2859 elementor-2639\">\n\t\t\t\t\t\t<section class=\"elementor-section elementor-top-section elementor-element elementor-element-0cf599a inici-5 elementor-section-boxed elementor-section-height-default elementor-section-height-default\" data-id=\"0cf599a\" data-element_type=\"section\" data-settings=\"{&quot;background_background&quot;:&quot;classic&quot;}\">\n\t\t\t\t\t\t<div class=\"elementor-container elementor-column-gap-default\">\n\t\t\t\t\t<div class=\"elementor-column elementor-col-100 elementor-top-column elementor-element elementor-element-79357a1\" data-id=\"79357a1\" data-element_type=\"column\">\n\t\t\t<div class=\"elementor-widget-wrap elementor-element-populated\">\n\t\t\t\t\t\t<section class=\"elementor-section elementor-inner-section elementor-element elementor-element-028570e elementor-section-content-bottom elementor-section-full_width elementor-section-height-default elementor-section-height-default\" data-id=\"028570e\" data-element_type=\"section\">\n\t\t\t\t\t\t<div class=\"elementor-container elementor-column-gap-no\">\n\t\t\t\t\t<div class=\"elementor-column elementor-col-100 elementor-inner-column elementor-element elementor-element-7b41d00\" data-id=\"7b41d00\" data-element_type=\"column\">\n\t\t\t<div class=\"elementor-widget-wrap elementor-element-populated\">\n\t\t\t\t\t\t<div data-aos=\"custom\" data-aos-once=\"false\" class=\"elementor-element elementor-element-48872c6 elementor-widget elementor-widget-ptf-heading\" data-id=\"48872c6\" data-element_type=\"widget\" data-settings=\"{&quot;aos_animation_name&quot;:&quot;custom&quot;}\" data-widget_type=\"ptf-heading.default\">\n\t\t\t\t<div class=\"elementor-widget-container\">\n\t\t\t\n\t\t<h2 class=\"ptf-heading\">\n\n\t\t\t\t\t\t\tTestimonis de Clients\t\t\t\n\t\t<\/h2>\n\n\t\t\t<\/div>\n\t\t\t\t<\/div>\n\t\t\t\t\t<\/div>\n\t\t<\/div>\n\t\t\t\t\t<\/div>\n\t\t<\/section>\n\t\t\t\t<div class=\"elementor-element elementor-element-1e68552 elementor-widget elementor-widget-ptf-spacer\" data-id=\"1e68552\" data-element_type=\"widget\" data-settings=\"{&quot;aos_animation_name&quot;:&quot;none&quot;}\" data-widget_type=\"ptf-spacer.default\">\n\t\t\t\t<div class=\"elementor-widget-container\">\n\t\t\t\n\t\t<div class=\"ptf-spacer\"><\/div>\n\n\t\t\t\t<\/div>\n\t\t\t\t<\/div>\n\t\t\t\t<div class=\"elementor-element elementor-element-f715e16 elementor-widget elementor-widget-ptf-services-tab\" data-id=\"f715e16\" data-element_type=\"widget\" data-settings=\"{&quot;aos_animation_name&quot;:&quot;none&quot;}\" data-widget_type=\"ptf-services-tab.default\">\n\t\t\t\t<div class=\"elementor-widget-container\">\n\t\t\t\n\t\t<ul class=\"ptf-services-tab\">\n\n\t\t\t\n\t\t\t\t<li class=\"ptf-services-tab__item\" data-aos=\"custom\">\n\n\t\t\t\t\t<div class=\"ptf-services-tab__header\">\n\n\t\t\t\t\t\t<div class=\"ptf-services-tab__icon\">\n\t\t\t\t\t\t\t<svg xmlns=\"http:\/\/www.w3.org\/2000\/svg\" fill=\"none\" viewBox=\"0 0 25 25\"><path stroke=\"currentColor\" d=\"M13.5 0v25M25 12.5H0\"\/><\/svg>\n\t\t\t\t\t\t\t<svg xmlns=\"http:\/\/www.w3.org\/2000\/svg\" fill=\"none\" viewBox=\"0 0 25 2\"><path stroke=\"currentColor\" d=\"M25 .922H.073\"\/><\/svg>\n\t\t\t\t\t\t<\/div>\n\n\t\t\t\t\t\t<div class=\"row\" style=\"--bs-gutter-y: 45px; --bs-gutter-x: 100px;\">\n\n\t\t\t\t\t\t\t<div class=\"col-12 col-md-6\">\n\n\t\t\t\t\t\t\t\t\n\t\t\t\t\t\t\t\t\t<h4 class=\"ptf-services-tab__title\"><b>Juan \u00c1vila<\/b>Instavi<\/h4>\n\n\t\t\t\t\t\t\t\t\n\t\t\t\t\t\t\t<\/div>\n\n\t\t\t\t\t\t\t<div class=\"col-12 col-md-6\">\n\n\t\t\t\t\t\t\t\t\n\t\t\t\t\t\t\t\t\t<p class=\"ptf-services-tab__short-description\">El manteniment que ens ofereix Instain Systems ens d\u00f3na tranquil\u00b7litat i seguretat. En el cas de la nostra organitzaci\u00f3, ens acompanyen en totes les implantacions i millores, encara que calgui altres col\u00b7laboradors o nous sistemes. Aquesta actitud \u00e9s la que ens fa ser millor i estar sempre en millora continua.<\/p>\n\n\t\t\t\t\t\t\t\t\n\t\t\t\t\t\t\t<\/div>\n\n\t\t\t\t\t\t<\/div>\n\n\t\t\t\t\t<\/div>\n\n\t\t\t\t\t<div class=\"ptf-services-tab__body\">\n\n\t\t\t\t\t\t<div class=\"row\" style=\"--bs-gutter-y: 45px; --bs-gutter-x: 100px;\">\n\n\t\t\t\t\t\t\t<div class=\"col-12 col-md-6\">\n\n\t\t\t\t\t\t\t\t\n\t\t\t\t\t\t\t\t\t<img loading=\"lazy\" decoding=\"async\" width=\"800\" height=\"640\" src=\"https:\/\/instain.com\/wp-content\/uploads\/2021\/12\/media-17.jpg\" class=\"attachment-centrix-800x605 size-centrix-800x605\" alt=\"\" loading=\"lazy\" \/>\n\t\t\t\t\t\t\t\t\n\t\t\t\t\t\t\t<\/div>\n\n\t\t\t\t\t\t\t<div class=\"col-12 col-md-6 d-flex flex-column\">\n\n\t\t\t\t\t\t\t\t\n\t\t\t\t\t\t\t\t\t<img loading=\"lazy\" decoding=\"async\" width=\"756\" height=\"605\" src=\"https:\/\/instain.com\/wp-content\/uploads\/2021\/12\/media-12.jpg\" class=\"attachment-centrix-800x605_crop size-centrix-800x605_crop\" alt=\"\" loading=\"lazy\" style=\"max-width: 350px;\" \/>\n\t\t\t\t\t\t\t\t\n\t\t\t\t\t\t\t\t\n\t\t\t\t\t\t\t\t\t<div class=\"ptf-services-tab__text\"><p>El manteniment que ens ofereix Instain Systems ens d\u00f3na tranquil\u00b7litat i seguretat.\u00a0En el cas de la nostra organitzaci\u00f3, ens acompanyen en totes les implantacions i millores, encara que calgui altres col\u00b7laboradors o nous sistemes.\u00a0Aquesta actitud \u00e9s la que ens fa ser millor i estar sempre en millora continua.<\/p><\/div>\n\n\t\t\t\t\t\t\t\t\n\t\t\t\t\t\t\t<\/div>\n\n\t\t\t\t\t\t<\/div>\n\n\t\t\t\t\t<\/div>\n\n\t\t\t\t<\/li>\n\n\t\t\t\n\t\t\t\t<li class=\"ptf-services-tab__item\" data-aos=\"custom\">\n\n\t\t\t\t\t<div class=\"ptf-services-tab__header\">\n\n\t\t\t\t\t\t<div class=\"ptf-services-tab__icon\">\n\t\t\t\t\t\t\t<svg xmlns=\"http:\/\/www.w3.org\/2000\/svg\" fill=\"none\" viewBox=\"0 0 25 25\"><path stroke=\"currentColor\" d=\"M13.5 0v25M25 12.5H0\"\/><\/svg>\n\t\t\t\t\t\t\t<svg xmlns=\"http:\/\/www.w3.org\/2000\/svg\" fill=\"none\" viewBox=\"0 0 25 2\"><path stroke=\"currentColor\" d=\"M25 .922H.073\"\/><\/svg>\n\t\t\t\t\t\t<\/div>\n\n\t\t\t\t\t\t<div class=\"row\" style=\"--bs-gutter-y: 45px; --bs-gutter-x: 100px;\">\n\n\t\t\t\t\t\t\t<div class=\"col-12 col-md-6\">\n\n\t\t\t\t\t\t\t\t\n\t\t\t\t\t\t\t\t\t<h4 class=\"ptf-services-tab__title\"><b>Carles Guilera<\/b>CEO Guilera S.A.<\/h4>\n\n\t\t\t\t\t\t\t\t\n\t\t\t\t\t\t\t<\/div>\n\n\t\t\t\t\t\t\t<div class=\"col-12 col-md-6\">\n\n\t\t\t\t\t\t\t\t\n\t\t\t\t\t\t\t\t\t<p class=\"ptf-services-tab__short-description\">Instain \u00e9s molt m\u00e9s que el \u201cnostre\u201d departament inform\u00e0tic. Amb el vostre servei de manteniment tenim la tranquil\u00b7litat de ser atesos de forma r\u00e0pida i molt professional. L'ampli coneixement, aix\u00ed com la disponibilitat, el tracte i les cures s\u00f3n el seu valor diferencial, i per a nosaltres \u00e9s essencial.<\/p>\n\n\t\t\t\t\t\t\t\t\n\t\t\t\t\t\t\t<\/div>\n\n\t\t\t\t\t\t<\/div>\n\n\t\t\t\t\t<\/div>\n\n\t\t\t\t\t<div class=\"ptf-services-tab__body\">\n\n\t\t\t\t\t\t<div class=\"row\" style=\"--bs-gutter-y: 45px; --bs-gutter-x: 100px;\">\n\n\t\t\t\t\t\t\t<div class=\"col-12 col-md-6\">\n\n\t\t\t\t\t\t\t\t\n\t\t\t\t\t\t\t\t\t<img loading=\"lazy\" decoding=\"async\" width=\"800\" height=\"640\" src=\"https:\/\/instain.com\/wp-content\/uploads\/2021\/12\/media-17.jpg\" class=\"attachment-centrix-800x605 size-centrix-800x605\" alt=\"\" loading=\"lazy\" \/>\n\t\t\t\t\t\t\t\t\n\t\t\t\t\t\t\t<\/div>\n\n\t\t\t\t\t\t\t<div class=\"col-12 col-md-6 d-flex flex-column\">\n\n\t\t\t\t\t\t\t\t\n\t\t\t\t\t\t\t\t\t<img loading=\"lazy\" decoding=\"async\" width=\"756\" height=\"605\" src=\"https:\/\/instain.com\/wp-content\/uploads\/2021\/12\/media-12.jpg\" class=\"attachment-centrix-800x605_crop size-centrix-800x605_crop\" alt=\"\" loading=\"lazy\" style=\"max-width: 350px;\" \/>\n\t\t\t\t\t\t\t\t\n\t\t\t\t\t\t\t\t\n\t\t\t\t\t\t\t\t\t<div class=\"ptf-services-tab__text\"><p><span>Instain \u00e9s molt m\u00e9s que el \u201cnostre\u201d departament inform\u00e0tic.\u00a0<\/span><span>Amb el vostre servei de manteniment tenim la tranquil\u00b7litat de ser atesos de forma r\u00e0pida i molt professional.\u00a0<\/span><span>L'ampli coneixement, aix\u00ed com la disponibilitat, el tracte i les cures s\u00f3n el seu valor diferencial, i per a nosaltres \u00e9s essencial.<\/span><\/p><\/div>\n\n\t\t\t\t\t\t\t\t\n\t\t\t\t\t\t\t<\/div>\n\n\t\t\t\t\t\t<\/div>\n\n\t\t\t\t\t<\/div>\n\n\t\t\t\t<\/li>\n\n\t\t\t\n\t\t\t\t<li class=\"ptf-services-tab__item\" data-aos=\"custom\">\n\n\t\t\t\t\t<div class=\"ptf-services-tab__header\">\n\n\t\t\t\t\t\t<div class=\"ptf-services-tab__icon\">\n\t\t\t\t\t\t\t<svg xmlns=\"http:\/\/www.w3.org\/2000\/svg\" fill=\"none\" viewBox=\"0 0 25 25\"><path stroke=\"currentColor\" d=\"M13.5 0v25M25 12.5H0\"\/><\/svg>\n\t\t\t\t\t\t\t<svg xmlns=\"http:\/\/www.w3.org\/2000\/svg\" fill=\"none\" viewBox=\"0 0 25 2\"><path stroke=\"currentColor\" d=\"M25 .922H.073\"\/><\/svg>\n\t\t\t\t\t\t<\/div>\n\n\t\t\t\t\t\t<div class=\"row\" style=\"--bs-gutter-y: 45px; --bs-gutter-x: 100px;\">\n\n\t\t\t\t\t\t\t<div class=\"col-12 col-md-6\">\n\n\t\t\t\t\t\t\t\t\n\t\t\t\t\t\t\t\t\t<h4 class=\"ptf-services-tab__title\"><b>Marc Arregui Lana<\/b>CEO Construcciones Reformas y Fachadas Condal<\/h4>\n\n\t\t\t\t\t\t\t\t\n\t\t\t\t\t\t\t<\/div>\n\n\t\t\t\t\t\t\t<div class=\"col-12 col-md-6\">\n\n\t\t\t\t\t\t\t\t\n\t\t\t\t\t\t\t\t\t<p class=\"ptf-services-tab__short-description\">El servei i el manteniment que ens ofereixen Instain \u00e9s m\u00e9s que satisfactori. \u00c9s diligent i sempre r\u00e0pid per resoldre qualsevol dubte o problema t\u00e8cnic que el nostre equip pugui tenir. Tamb\u00e9 estan a l'avantguarda en modificacions i novetats tecnol\u00f2giques i nom\u00e9s els podem felicitar.<\/p>\n\n\t\t\t\t\t\t\t\t\n\t\t\t\t\t\t\t<\/div>\n\n\t\t\t\t\t\t<\/div>\n\n\t\t\t\t\t<\/div>\n\n\t\t\t\t\t<div class=\"ptf-services-tab__body\">\n\n\t\t\t\t\t\t<div class=\"row\" style=\"--bs-gutter-y: 45px; --bs-gutter-x: 100px;\">\n\n\t\t\t\t\t\t\t<div class=\"col-12 col-md-6\">\n\n\t\t\t\t\t\t\t\t\n\t\t\t\t\t\t\t\t\t<img loading=\"lazy\" decoding=\"async\" width=\"800\" height=\"640\" src=\"https:\/\/instain.com\/wp-content\/uploads\/2021\/12\/media-17.jpg\" class=\"attachment-centrix-800x605 size-centrix-800x605\" alt=\"\" loading=\"lazy\" \/>\n\t\t\t\t\t\t\t\t\n\t\t\t\t\t\t\t<\/div>\n\n\t\t\t\t\t\t\t<div class=\"col-12 col-md-6 d-flex flex-column\">\n\n\t\t\t\t\t\t\t\t\n\t\t\t\t\t\t\t\t\t<img loading=\"lazy\" decoding=\"async\" width=\"756\" height=\"605\" src=\"https:\/\/instain.com\/wp-content\/uploads\/2021\/12\/media-12.jpg\" class=\"attachment-centrix-800x605_crop size-centrix-800x605_crop\" alt=\"\" loading=\"lazy\" style=\"max-width: 350px;\" \/>\n\t\t\t\t\t\t\t\t\n\t\t\t\t\t\t\t\t\n\t\t\t\t\t\t\t\t\t<div class=\"ptf-services-tab__text\"><p><span>El servei i el manteniment que ens ofereixen Instain \u00e9s m\u00e9s que satisfactori.\u00a0<\/span><span>\u00c9s diligent i sempre r\u00e0pid per resoldre qualsevol dubte o problema t\u00e8cnic que el nostre equip pugui tenir.\u00a0<\/span><span>Tamb\u00e9 estan a l'avantguarda en modificacions i novetats tecnol\u00f2giques i nom\u00e9s els podem felicitar.<\/span><\/p><\/div>\n\n\t\t\t\t\t\t\t\t\n\t\t\t\t\t\t\t<\/div>\n\n\t\t\t\t\t\t<\/div>\n\n\t\t\t\t\t<\/div>\n\n\t\t\t\t<\/li>\n\n\t\t\t\n\t\t\t\t<li class=\"ptf-services-tab__item\" data-aos=\"custom\">\n\n\t\t\t\t\t<div class=\"ptf-services-tab__header\">\n\n\t\t\t\t\t\t<div class=\"ptf-services-tab__icon\">\n\t\t\t\t\t\t\t<svg xmlns=\"http:\/\/www.w3.org\/2000\/svg\" fill=\"none\" viewBox=\"0 0 25 25\"><path stroke=\"currentColor\" d=\"M13.5 0v25M25 12.5H0\"\/><\/svg>\n\t\t\t\t\t\t\t<svg xmlns=\"http:\/\/www.w3.org\/2000\/svg\" fill=\"none\" viewBox=\"0 0 25 2\"><path stroke=\"currentColor\" d=\"M25 .922H.073\"\/><\/svg>\n\t\t\t\t\t\t<\/div>\n\n\t\t\t\t\t\t<div class=\"row\" style=\"--bs-gutter-y: 45px; --bs-gutter-x: 100px;\">\n\n\t\t\t\t\t\t\t<div class=\"col-12 col-md-6\">\n\n\t\t\t\t\t\t\t\t\n\t\t\t\t\t\t\t\t\t<h4 class=\"ptf-services-tab__title\"><b>Joan P\u00e9rez<\/b>CEO Kibuk Muebles<\/h4>\n\n\t\t\t\t\t\t\t\t\n\t\t\t\t\t\t\t<\/div>\n\n\t\t\t\t\t\t\t<div class=\"col-12 col-md-6\">\n\n\t\t\t\t\t\t\t\t\n\t\t\t\t\t\t\t\t\t<p class=\"ptf-services-tab__short-description\">Instain ens ofereix un servei de manteniment inform\u00e0tic amb resposta r\u00e0pida, efica\u00e7 i amb bons consells per tenir equips en bon estat, aconsellable 100%<\/p>\n\n\t\t\t\t\t\t\t\t\n\t\t\t\t\t\t\t<\/div>\n\n\t\t\t\t\t\t<\/div>\n\n\t\t\t\t\t<\/div>\n\n\t\t\t\t\t<div class=\"ptf-services-tab__body\">\n\n\t\t\t\t\t\t<div class=\"row\" style=\"--bs-gutter-y: 45px; --bs-gutter-x: 100px;\">\n\n\t\t\t\t\t\t\t<div class=\"col-12 col-md-6\">\n\n\t\t\t\t\t\t\t\t\n\t\t\t\t\t\t\t\t\t<img loading=\"lazy\" decoding=\"async\" width=\"800\" height=\"640\" src=\"https:\/\/instain.com\/wp-content\/uploads\/2021\/12\/media-17.jpg\" class=\"attachment-centrix-800x605 size-centrix-800x605\" alt=\"\" loading=\"lazy\" \/>\n\t\t\t\t\t\t\t\t\n\t\t\t\t\t\t\t<\/div>\n\n\t\t\t\t\t\t\t<div class=\"col-12 col-md-6 d-flex flex-column\">\n\n\t\t\t\t\t\t\t\t\n\t\t\t\t\t\t\t\t\t<img loading=\"lazy\" decoding=\"async\" width=\"756\" height=\"605\" src=\"https:\/\/instain.com\/wp-content\/uploads\/2021\/12\/media-12.jpg\" class=\"attachment-centrix-800x605_crop size-centrix-800x605_crop\" alt=\"\" loading=\"lazy\" style=\"max-width: 350px;\" \/>\n\t\t\t\t\t\t\t\t\n\t\t\t\t\t\t\t\t\n\t\t\t\t\t\t\t\t\t<div class=\"ptf-services-tab__text\"><p>Instain ens ofereix un servei de manteniment inform\u00e0tic amb resposta r\u00e0pida, efica\u00e7 i amb bons consells per tenir equips en bon estat, aconsellable 100%<\/p><\/div>\n\n\t\t\t\t\t\t\t\t\n\t\t\t\t\t\t\t<\/div>\n\n\t\t\t\t\t\t<\/div>\n\n\t\t\t\t\t<\/div>\n\n\t\t\t\t<\/li>\n\n\t\t\t\n\t\t<\/ul>\n\n\t\t\t\t<\/div>\n\t\t\t\t<\/div>\n\t\t\t\t\t<\/div>\n\t\t<\/div>\n\t\t\t\t\t<\/div>\n\t\t<\/section>\n\t\t\t\t<\/div>\n\t\t","protected":false},"excerpt":{"rendered":"<p>Testimonis de Clients Juan \u00c1vilaInstavi El manteniment que ens ofereix Instain Systems ens d\u00f3na tranquil\u00b7litat i seguretat. En el cas de la nostra organitzaci\u00f3, ens acompanyen en totes les implantacions i millores, encara que calgui altres col\u00b7laboradors o nous sistemes. Aquesta actitud \u00e9s la que ens fa ser millor i estar sempre en millora continua. [&hellip;]<\/p>\n","protected":false},"author":1,"featured_media":0,"parent":0,"menu_order":0,"comment_status":"closed","ping_status":"closed","template":"template-custom-page.php","meta":{"inline_featured_image":false,"_vp_format_video_url":"","_vp_image_focal_point":[],"footnotes":""},"yoast_head":"<!-- This site is optimized with the Yoast SEO plugin v22.8 - https:\/\/yoast.com\/wordpress\/plugins\/seo\/ -->\n<title>Testimonis de Clients - Instain<\/title>\n<meta name=\"robots\" content=\"index, follow, max-snippet:-1, max-image-preview:large, max-video-preview:-1\" \/>\n<link rel=\"canonical\" href=\"https:\/\/instain.com\/ca\/testimonis-clients\/\" \/>\n<meta property=\"og:locale\" content=\"ca_ES\" \/>\n<meta property=\"og:type\" content=\"article\" \/>\n<meta property=\"og:title\" content=\"Testimonis de Clients - Instain\" \/>\n<meta property=\"og:description\" content=\"Testimonis de Clients Juan \u00c1vilaInstavi El manteniment que ens ofereix Instain Systems ens d\u00f3na tranquil\u00b7litat i seguretat. En el cas de la nostra organitzaci\u00f3, ens acompanyen en totes les implantacions i millores, encara que calgui altres col\u00b7laboradors o nous sistemes. Aquesta actitud \u00e9s la que ens fa ser millor i estar sempre en millora continua. [&hellip;]\" \/>\n<meta property=\"og:url\" content=\"https:\/\/instain.com\/ca\/testimonis-clients\/\" \/>\n<meta property=\"og:site_name\" content=\"Instain\" \/>\n<meta property=\"article:modified_time\" content=\"2022-04-06T10:10:35+00:00\" \/>\n<meta property=\"og:image\" content=\"https:\/\/instain.com\/wp-content\/uploads\/2021\/12\/media-17.jpg\" \/>\n<meta name=\"twitter:card\" content=\"summary_large_image\" \/>\n<meta name=\"twitter:label1\" content=\"Temps estimat de lectura\" \/>\n\t<meta name=\"twitter:data1\" content=\"4 minutes\" \/>\n<script type=\"application\/ld+json\" class=\"yoast-schema-graph\">{\"@context\":\"https:\/\/schema.org\",\"@graph\":[{\"@type\":\"WebPage\",\"@id\":\"https:\/\/instain.com\/ca\/testimonis-clients\/\",\"url\":\"https:\/\/instain.com\/ca\/testimonis-clients\/\",\"name\":\"Testimonis de Clients - Instain\",\"isPartOf\":{\"@id\":\"https:\/\/instain.com\/#website\"},\"primaryImageOfPage\":{\"@id\":\"https:\/\/instain.com\/ca\/testimonis-clients\/#primaryimage\"},\"image\":{\"@id\":\"https:\/\/instain.com\/ca\/testimonis-clients\/#primaryimage\"},\"thumbnailUrl\":\"https:\/\/instain.com\/wp-content\/uploads\/2021\/12\/media-17.jpg\",\"datePublished\":\"2022-04-01T08:09:23+00:00\",\"dateModified\":\"2022-04-06T10:10:35+00:00\",\"breadcrumb\":{\"@id\":\"https:\/\/instain.com\/ca\/testimonis-clients\/#breadcrumb\"},\"inLanguage\":\"ca\",\"potentialAction\":[{\"@type\":\"ReadAction\",\"target\":[\"https:\/\/instain.com\/ca\/testimonis-clients\/\"]}]},{\"@type\":\"ImageObject\",\"inLanguage\":\"ca\",\"@id\":\"https:\/\/instain.com\/ca\/testimonis-clients\/#primaryimage\",\"url\":\"https:\/\/instain.com\/wp-content\/uploads\/2021\/12\/media-17.jpg\",\"contentUrl\":\"https:\/\/instain.com\/wp-content\/uploads\/2021\/12\/media-17.jpg\"},{\"@type\":\"BreadcrumbList\",\"@id\":\"https:\/\/instain.com\/ca\/testimonis-clients\/#breadcrumb\",\"itemListElement\":[{\"@type\":\"ListItem\",\"position\":1,\"name\":\"Inici\",\"item\":\"https:\/\/instain.com\/ca\/\"},{\"@type\":\"ListItem\",\"position\":2,\"name\":\"Testimonis de Clients\"}]},{\"@type\":\"WebSite\",\"@id\":\"https:\/\/instain.com\/#website\",\"url\":\"https:\/\/instain.com\/\",\"name\":\"Instain\",\"description\":\"\",\"potentialAction\":[{\"@type\":\"SearchAction\",\"target\":{\"@type\":\"EntryPoint\",\"urlTemplate\":\"https:\/\/instain.com\/?s={search_term_string}\"},\"query-input\":\"required name=search_term_string\"}],\"inLanguage\":\"ca\"}]}<\/script>\n<!-- \/ Yoast SEO plugin. -->","yoast_head_json":{"title":"Testimonis de Clients - Instain","robots":{"index":"index","follow":"follow","max-snippet":"max-snippet:-1","max-image-preview":"max-image-preview:large","max-video-preview":"max-video-preview:-1"},"canonical":"https:\/\/instain.com\/ca\/testimonis-clients\/","og_locale":"ca_ES","og_type":"article","og_title":"Testimonis de Clients - Instain","og_description":"Testimonis de Clients Juan \u00c1vilaInstavi El manteniment que ens ofereix Instain Systems ens d\u00f3na tranquil\u00b7litat i seguretat. En el cas de la nostra organitzaci\u00f3, ens acompanyen en totes les implantacions i millores, encara que calgui altres col\u00b7laboradors o nous sistemes. Aquesta actitud \u00e9s la que ens fa ser millor i estar sempre en millora continua. [&hellip;]","og_url":"https:\/\/instain.com\/ca\/testimonis-clients\/","og_site_name":"Instain","article_modified_time":"2022-04-06T10:10:35+00:00","og_image":[{"url":"https:\/\/instain.com\/wp-content\/uploads\/2021\/12\/media-17.jpg"}],"twitter_card":"summary_large_image","twitter_misc":{"Temps estimat de lectura":"4 minutes"},"schema":{"@context":"https:\/\/schema.org","@graph":[{"@type":"WebPage","@id":"https:\/\/instain.com\/ca\/testimonis-clients\/","url":"https:\/\/instain.com\/ca\/testimonis-clients\/","name":"Testimonis de Clients - Instain","isPartOf":{"@id":"https:\/\/instain.com\/#website"},"primaryImageOfPage":{"@id":"https:\/\/instain.com\/ca\/testimonis-clients\/#primaryimage"},"image":{"@id":"https:\/\/instain.com\/ca\/testimonis-clients\/#primaryimage"},"thumbnailUrl":"https:\/\/instain.com\/wp-content\/uploads\/2021\/12\/media-17.jpg","datePublished":"2022-04-01T08:09:23+00:00","dateModified":"2022-04-06T10:10:35+00:00","breadcrumb":{"@id":"https:\/\/instain.com\/ca\/testimonis-clients\/#breadcrumb"},"inLanguage":"ca","potentialAction":[{"@type":"ReadAction","target":["https:\/\/instain.com\/ca\/testimonis-clients\/"]}]},{"@type":"ImageObject","inLanguage":"ca","@id":"https:\/\/instain.com\/ca\/testimonis-clients\/#primaryimage","url":"https:\/\/instain.com\/wp-content\/uploads\/2021\/12\/media-17.jpg","contentUrl":"https:\/\/instain.com\/wp-content\/uploads\/2021\/12\/media-17.jpg"},{"@type":"BreadcrumbList","@id":"https:\/\/instain.com\/ca\/testimonis-clients\/#breadcrumb","itemListElement":[{"@type":"ListItem","position":1,"name":"Inici","item":"https:\/\/instain.com\/ca\/"},{"@type":"ListItem","position":2,"name":"Testimonis de Clients"}]},{"@type":"WebSite","@id":"https:\/\/instain.com\/#website","url":"https:\/\/instain.com\/","name":"Instain","description":"","potentialAction":[{"@type":"SearchAction","target":{"@type":"EntryPoint","urlTemplate":"https:\/\/instain.com\/?s={search_term_string}"},"query-input":"required name=search_term_string"}],"inLanguage":"ca"}]}},"_links":{"self":[{"href":"https:\/\/instain.com\/ca\/wp-json\/wp\/v2\/pages\/2859"}],"collection":[{"href":"https:\/\/instain.com\/ca\/wp-json\/wp\/v2\/pages"}],"about":[{"href":"https:\/\/instain.com\/ca\/wp-json\/wp\/v2\/types\/page"}],"author":[{"embeddable":true,"href":"https:\/\/instain.com\/ca\/wp-json\/wp\/v2\/users\/1"}],"replies":[{"embeddable":true,"href":"https:\/\/instain.com\/ca\/wp-json\/wp\/v2\/comments?post=2859"}],"version-history":[{"count":4,"href":"https:\/\/instain.com\/ca\/wp-json\/wp\/v2\/pages\/2859\/revisions"}],"predecessor-version":[{"id":2865,"href":"https:\/\/instain.com\/ca\/wp-json\/wp\/v2\/pages\/2859\/revisions\/2865"}],"wp:attachment":[{"href":"https:\/\/instain.com\/ca\/wp-json\/wp\/v2\/media?parent=2859"}],"curies":[{"name":"wp","href":"https:\/\/api.w.org\/{rel}","templated":true}]}}