{"id":2836,"date":"2022-03-24T13:48:08","date_gmt":"2022-03-24T11:48:08","guid":{"rendered":"https:\/\/instain.com\/sobre-nosotros\/"},"modified":"2022-04-06T11:42:26","modified_gmt":"2022-04-06T09:42:26","slug":"sobre-nosaltres","status":"publish","type":"page","link":"https:\/\/instain.com\/ca\/sobre-nosaltres\/","title":{"rendered":"Sobre Nosaltres"},"content":{"rendered":"\t\t<div data-elementor-type=\"wp-page\" data-elementor-id=\"2836\" class=\"elementor elementor-2836 elementor-1777\">\n\t\t\t\t\t\t<section class=\"elementor-section elementor-top-section elementor-element elementor-element-cd7d05b elementor-section-content-bottom sobre-nosotros-1 elementor-section-boxed elementor-section-height-default elementor-section-height-default\" data-id=\"cd7d05b\" data-element_type=\"section\" data-settings=\"{&quot;background_background&quot;:&quot;classic&quot;}\">\n\t\t\t\t\t\t<div class=\"elementor-container elementor-column-gap-default\">\n\t\t\t\t\t<div class=\"elementor-column elementor-col-100 elementor-top-column elementor-element elementor-element-eb5d28b\" data-id=\"eb5d28b\" data-element_type=\"column\">\n\t\t\t<div class=\"elementor-widget-wrap elementor-element-populated\">\n\t\t\t\t\t\t<div data-aos=\"custom\" data-aos-once=\"false\" class=\"elementor-element elementor-element-e9d1219 elementor-widget elementor-widget-ptf-heading\" data-id=\"e9d1219\" data-element_type=\"widget\" data-settings=\"{&quot;aos_animation_name&quot;:&quot;custom&quot;}\" data-widget_type=\"ptf-heading.default\">\n\t\t\t\t<div class=\"elementor-widget-container\">\n\t\t\t\n\t\t<div class=\"ptf-heading\">\n\n\t\t\t\t\t\t\tConeix Instain\t\t\t\n\t\t<\/div>\n\n\t\t\t<\/div>\n\t\t\t\t<\/div>\n\t\t\t\t<div data-aos=\"custom\" data-aos-delay=\"100\" data-aos-once=\"false\" class=\"elementor-element elementor-element-4572982 elementor-widget elementor-widget-ptf-heading\" data-id=\"4572982\" data-element_type=\"widget\" data-settings=\"{&quot;aos_animation_name&quot;:&quot;custom&quot;}\" data-widget_type=\"ptf-heading.default\">\n\t\t\t\t<div class=\"elementor-widget-container\">\n\t\t\t\n\t\t<h1 class=\"ptf-heading h1 large-heading\">\n\n\t\t\t\t\t\t\tSobre<br>\nNosaltres\t\t\t\n\t\t<\/h1>\n\n\t\t\t<\/div>\n\t\t\t\t<\/div>\n\t\t\t\t<section class=\"elementor-section elementor-inner-section elementor-element elementor-element-56e55db elementor-section-full_width elementor-section-height-default elementor-section-height-default\" data-id=\"56e55db\" data-element_type=\"section\">\n\t\t\t\t\t\t<div class=\"elementor-container elementor-column-gap-no\">\n\t\t\t\t\t<div class=\"elementor-column elementor-col-100 elementor-inner-column elementor-element elementor-element-98f4866\" data-id=\"98f4866\" data-element_type=\"column\">\n\t\t\t<div class=\"elementor-widget-wrap elementor-element-populated\">\n\t\t\t\t\t\t<div data-aos=\"custom\" data-aos-once=\"false\" class=\"elementor-element elementor-element-ee17c44 elementor-widget elementor-widget-text-editor\" data-id=\"ee17c44\" data-element_type=\"widget\" data-settings=\"{&quot;aos_animation_name&quot;:&quot;custom&quot;}\" data-widget_type=\"text-editor.default\">\n\t\t\t\t<div class=\"elementor-widget-container\">\n\t\t\t<style>\/*! elementor - v3.21.0 - 26-05-2024 *\/\n.elementor-widget-text-editor.elementor-drop-cap-view-stacked .elementor-drop-cap{background-color:#69727d;color:#fff}.elementor-widget-text-editor.elementor-drop-cap-view-framed .elementor-drop-cap{color:#69727d;border:3px solid;background-color:transparent}.elementor-widget-text-editor:not(.elementor-drop-cap-view-default) .elementor-drop-cap{margin-top:8px}.elementor-widget-text-editor:not(.elementor-drop-cap-view-default) .elementor-drop-cap-letter{width:1em;height:1em}.elementor-widget-text-editor .elementor-drop-cap{float:left;text-align:center;line-height:1;font-size:50px}.elementor-widget-text-editor .elementor-drop-cap-letter{display:inline-block}<\/style>\t\t\t\t<p>Avui en dia, tot negoci dep\u00e8n de la tecnologia.<br \/>Passem 15 hores del nostre dia connectats a un<br \/>ordinador o al m\u00f2bil. Per poder ser productius,<br \/>un manteniment inform\u00e0tic correcte \u00e9s imprescindible.<\/p>\t\t\t\t\t\t<\/div>\n\t\t\t\t<\/div>\n\t\t\t\t\t<\/div>\n\t\t<\/div>\n\t\t\t\t\t<\/div>\n\t\t<\/section>\n\t\t\t\t<section class=\"elementor-section elementor-inner-section elementor-element elementor-element-8f23dde elementor-section-full_width elementor-section-height-default elementor-section-height-default\" data-id=\"8f23dde\" data-element_type=\"section\">\n\t\t\t\t\t\t<div class=\"elementor-container elementor-column-gap-no\">\n\t\t\t\t\t<div class=\"elementor-column elementor-col-50 elementor-inner-column elementor-element elementor-element-ec41196\" data-id=\"ec41196\" data-element_type=\"column\">\n\t\t\t<div class=\"elementor-widget-wrap elementor-element-populated\">\n\t\t\t\t\t\t<div data-aos=\"custom\" data-aos-delay=\"100\" data-aos-once=\"false\" class=\"elementor-element elementor-element-a8c1cfa elementor-widget elementor-widget-text-editor\" data-id=\"a8c1cfa\" data-element_type=\"widget\" data-settings=\"{&quot;aos_animation_name&quot;:&quot;custom&quot;}\" data-widget_type=\"text-editor.default\">\n\t\t\t\t<div class=\"elementor-widget-container\">\n\t\t\t\t\t\t\t<p>El meu nom \u00e9s Jordi Llisas, fundador d&#8217;Instain Systems, graduat a ADE i Enginyeria Inform\u00e0tica, col\u00b7legiat al Col\u00b7legi d&#8217;Inform\u00e0tics de Barcelona.<\/p>\t\t\t\t\t\t<\/div>\n\t\t\t\t<\/div>\n\t\t\t\t<div data-aos=\"custom\" data-aos-delay=\"100\" data-aos-once=\"false\" class=\"elementor-element elementor-element-5a0143d elementor-widget elementor-widget-text-editor\" data-id=\"5a0143d\" data-element_type=\"widget\" data-settings=\"{&quot;aos_animation_name&quot;:&quot;custom&quot;}\" data-widget_type=\"text-editor.default\">\n\t\t\t\t<div class=\"elementor-widget-container\">\n\t\t\t\t\t\t\t<p>Vaig cr\u00e9ixer professionalment entre f\u00e0briques i llibres denginyeria inform\u00e0tica. Cada dia, veia com els encarregats anotaven les dades de producci\u00f3 a les llibretes, d&#8217;aquesta manera tan rudiment\u00e0ria i, sobretot, tan poc eficient.<\/p>\t\t\t\t\t\t<\/div>\n\t\t\t\t<\/div>\n\t\t\t\t<div data-aos=\"custom\" data-aos-delay=\"100\" data-aos-once=\"false\" class=\"elementor-element elementor-element-777a8e8 elementor-widget elementor-widget-text-editor\" data-id=\"777a8e8\" data-element_type=\"widget\" data-settings=\"{&quot;aos_animation_name&quot;:&quot;custom&quot;}\" data-widget_type=\"text-editor.default\">\n\t\t\t\t<div class=\"elementor-widget-container\">\n\t\t\t\t\t\t\t<p><span>Jo era operari de m\u00e0quines, per\u00f2 ja aleshores vaig comprendre la import\u00e0ncia de la tecnologia a l&#8217;empresa.\u00a0Em vaig adonar que tot aquell m\u00f3n digital era la difer\u00e8ncia el que marcava la difer\u00e8ncia per anar a un altre nivell, oferir un servei millor, estalviar temps i, sobretot, ser molt m\u00e9s productiu.<\/span><br \/><span>Va ser aix\u00ed com em vaig iniciar al manteniment inform\u00e0tic.<\/span><\/p>\t\t\t\t\t\t<\/div>\n\t\t\t\t<\/div>\n\t\t\t\t\t<\/div>\n\t\t<\/div>\n\t\t\t\t<div class=\"elementor-column elementor-col-50 elementor-inner-column elementor-element elementor-element-1f5bce6\" data-id=\"1f5bce6\" data-element_type=\"column\">\n\t\t\t<div class=\"elementor-widget-wrap elementor-element-populated\">\n\t\t\t\t\t\t<div data-aos=\"custom\" data-aos-delay=\"100\" data-aos-once=\"false\" class=\"elementor-element elementor-element-13cceb0 elementor-widget elementor-widget-text-editor\" data-id=\"13cceb0\" data-element_type=\"widget\" data-settings=\"{&quot;aos_animation_name&quot;:&quot;custom&quot;}\" data-widget_type=\"text-editor.default\">\n\t\t\t\t<div class=\"elementor-widget-container\">\n\t\t\t\t\t\t\t<p><span>Vaig comen\u00e7ar ajudant petits aut\u00f2noms i tallers d&#8217;automoci\u00f3, per convertir-me despr\u00e9s en inform\u00e0tic de grans empreses com Endesa i<\/span><br \/><span>Auna per finalment tornar a ajudar PIMES.<\/span><\/p>\t\t\t\t\t\t<\/div>\n\t\t\t\t<\/div>\n\t\t\t\t<div data-aos=\"custom\" data-aos-delay=\"100\" data-aos-once=\"false\" class=\"elementor-element elementor-element-f775ec2 elementor-widget elementor-widget-text-editor\" data-id=\"f775ec2\" data-element_type=\"widget\" data-settings=\"{&quot;aos_animation_name&quot;:&quot;custom&quot;}\" data-widget_type=\"text-editor.default\">\n\t\t\t\t<div class=\"elementor-widget-container\">\n\t\t\t\t\t\t\t<p><span>El 1999 vaig decidir fer el salt a ser aut\u00f2nom per despr\u00e9s crear la meva pr\u00f2pia PIME per ajudar a petits empresaris com jo.<\/span><br \/><span>Volia ajudar-los en el seu dia a dia a garantir-los les mateixes condicions tecnol\u00f2giques que qualsevol gran empresa: sempre connectats, amb m\u00ednimes incid\u00e8ncies i, si n&#8217;hi hagu\u00e9s, resoldre-les com m\u00e9s aviat millor.<\/span><\/p>\t\t\t\t\t\t<\/div>\n\t\t\t\t<\/div>\n\t\t\t\t\t<\/div>\n\t\t<\/div>\n\t\t\t\t\t<\/div>\n\t\t<\/section>\n\t\t\t\t<section class=\"elementor-section elementor-inner-section elementor-element elementor-element-5ad6f88 elementor-section-full_width elementor-section-height-default elementor-section-height-default\" data-id=\"5ad6f88\" data-element_type=\"section\">\n\t\t\t\t\t\t<div class=\"elementor-container elementor-column-gap-no\">\n\t\t\t\t\t<div class=\"elementor-column elementor-col-100 elementor-inner-column elementor-element elementor-element-96628fd\" data-id=\"96628fd\" data-element_type=\"column\">\n\t\t\t<div class=\"elementor-widget-wrap elementor-element-populated\">\n\t\t\t\t\t\t<div data-aos=\"custom\" data-aos-once=\"false\" class=\"elementor-element elementor-element-d030579 elementor-widget elementor-widget-text-editor\" data-id=\"d030579\" data-element_type=\"widget\" data-settings=\"{&quot;aos_animation_name&quot;:&quot;custom&quot;}\" data-widget_type=\"text-editor.default\">\n\t\t\t\t<div class=\"elementor-widget-container\">\n\t\t\t\t\t\t\t<p>Servei Premium Accessible<\/p>\t\t\t\t\t\t<\/div>\n\t\t\t\t<\/div>\n\t\t\t\t\t<\/div>\n\t\t<\/div>\n\t\t\t\t\t<\/div>\n\t\t<\/section>\n\t\t\t\t<section class=\"elementor-section elementor-inner-section elementor-element elementor-element-46f8c78 elementor-section-full_width elementor-section-height-default elementor-section-height-default\" data-id=\"46f8c78\" data-element_type=\"section\">\n\t\t\t\t\t\t<div class=\"elementor-container elementor-column-gap-no\">\n\t\t\t\t\t<div class=\"elementor-column elementor-col-50 elementor-inner-column elementor-element elementor-element-ce14d8d\" data-id=\"ce14d8d\" data-element_type=\"column\">\n\t\t\t<div class=\"elementor-widget-wrap elementor-element-populated\">\n\t\t\t\t\t\t<div data-aos=\"custom\" data-aos-delay=\"100\" data-aos-once=\"false\" class=\"elementor-element elementor-element-b00cee7 elementor-widget elementor-widget-text-editor\" data-id=\"b00cee7\" data-element_type=\"widget\" data-settings=\"{&quot;aos_animation_name&quot;:&quot;custom&quot;}\" data-widget_type=\"text-editor.default\">\n\t\t\t\t<div class=\"elementor-widget-container\">\n\t\t\t\t\t\t\t<p><span>Instain Systems neix el 2011 per donar un servei Premium a un cost sostenible per a qualsevol PIME.<\/span><br \/><span>La nostra missi\u00f3 sempre ha estat clara: oferir un servei continu i de primer nivell a totes aquelles empreses que no comptin amb un equip IT i no un mer servei correctiu, on t&#8217;atenen nom\u00e9s quan cal reparar.<\/span><\/p>\t\t\t\t\t\t<\/div>\n\t\t\t\t<\/div>\n\t\t\t\t\t<\/div>\n\t\t<\/div>\n\t\t\t\t<div class=\"elementor-column elementor-col-50 elementor-inner-column elementor-element elementor-element-135fe90\" data-id=\"135fe90\" data-element_type=\"column\">\n\t\t\t<div class=\"elementor-widget-wrap elementor-element-populated\">\n\t\t\t\t\t\t<div data-aos=\"custom\" data-aos-delay=\"100\" data-aos-once=\"false\" class=\"elementor-element elementor-element-ea84415 elementor-widget elementor-widget-text-editor\" data-id=\"ea84415\" data-element_type=\"widget\" data-settings=\"{&quot;aos_animation_name&quot;:&quot;custom&quot;}\" data-widget_type=\"text-editor.default\">\n\t\t\t\t<div class=\"elementor-widget-container\">\n\t\t\t\t\t\t\t<p>Per aix\u00f2 comptem en plantilla amb un vast equip de professionals que ens permet abastar qualsevol especialitat inform\u00e0tica, sense importar com de senzilla o complexa que sigui.<br \/>Un \u00fanic servei per donar-te tot el que necessites perqu\u00e8 la tecnologia sigui una eina al teu negoci i no un obstacle.<\/p>\t\t\t\t\t\t<\/div>\n\t\t\t\t<\/div>\n\t\t\t\t\t<\/div>\n\t\t<\/div>\n\t\t\t\t\t<\/div>\n\t\t<\/section>\n\t\t\t\t\t<\/div>\n\t\t<\/div>\n\t\t\t\t\t<\/div>\n\t\t<\/section>\n\t\t\t\t<section class=\"elementor-section elementor-top-section elementor-element elementor-element-f2923ef elementor-section-boxed elementor-section-height-default elementor-section-height-default\" data-id=\"f2923ef\" data-element_type=\"section\" data-settings=\"{&quot;background_background&quot;:&quot;classic&quot;}\">\n\t\t\t\t\t\t<div class=\"elementor-container elementor-column-gap-default\">\n\t\t\t\t\t<div class=\"elementor-column elementor-col-100 elementor-top-column elementor-element elementor-element-6243813\" data-id=\"6243813\" data-element_type=\"column\">\n\t\t\t<div class=\"elementor-widget-wrap elementor-element-populated\">\n\t\t\t\t\t\t<div data-aos=\"custom\" data-aos-delay=\"100\" data-aos-once=\"false\" class=\"elementor-element elementor-element-a90bc87 elementor-widget elementor-widget-ptf-heading\" data-id=\"a90bc87\" data-element_type=\"widget\" data-settings=\"{&quot;aos_animation_name&quot;:&quot;custom&quot;}\" data-widget_type=\"ptf-heading.default\">\n\t\t\t\t<div class=\"elementor-widget-container\">\n\t\t\t\n\t\t<h1 class=\"ptf-heading h1 large-heading\">\n\n\t\t\t\t\t\t\tEns<br>\nConeixem?\t\t\t\n\t\t<\/h1>\n\n\t\t\t<\/div>\n\t\t\t\t<\/div>\n\t\t\t\t<div class=\"elementor-element elementor-element-8343bbb elementor-widget elementor-widget-ptf-spacer\" data-id=\"8343bbb\" data-element_type=\"widget\" data-settings=\"{&quot;aos_animation_name&quot;:&quot;none&quot;}\" data-widget_type=\"ptf-spacer.default\">\n\t\t\t\t<div class=\"elementor-widget-container\">\n\t\t\t\n\t\t<div class=\"ptf-spacer\"><\/div>\n\n\t\t\t\t<\/div>\n\t\t\t\t<\/div>\n\t\t\t\t<div data-aos=\"custom\" data-aos-delay=\"100\" data-aos-once=\"false\" class=\"elementor-element elementor-element-9565cb8 elementor-widget elementor-widget-ptf-contact-form-7\" data-id=\"9565cb8\" data-element_type=\"widget\" data-settings=\"{&quot;aos_animation_name&quot;:&quot;custom&quot;}\" data-widget_type=\"ptf-contact-form-7.default\">\n\t\t\t\t<div class=\"elementor-widget-container\">\n\t\t\t\n\t\t<div class=\"ptf-contact-form-7\">\n\n\t\t\t\n<div class=\"wpcf7 no-js\" id=\"wpcf7-f2845-o1\" lang=\"en-US\" dir=\"ltr\">\n<div class=\"screen-reader-response\"><p role=\"status\" aria-live=\"polite\" aria-atomic=\"true\"><\/p> <ul><\/ul><\/div>\n<form action=\"\/ca\/wp-json\/wp\/v2\/pages\/2836#wpcf7-f2845-o1\" method=\"post\" class=\"wpcf7-form init\" aria-label=\"Formulari de contacte\" enctype=\"multipart\/form-data\" novalidate=\"novalidate\" data-status=\"init\">\n<div style=\"display: none;\">\n<input type=\"hidden\" name=\"_wpcf7\" value=\"2845\" \/>\n<input type=\"hidden\" name=\"_wpcf7_version\" value=\"5.9.5\" \/>\n<input type=\"hidden\" name=\"_wpcf7_locale\" value=\"en_US\" \/>\n<input type=\"hidden\" name=\"_wpcf7_unit_tag\" value=\"wpcf7-f2845-o1\" \/>\n<input type=\"hidden\" name=\"_wpcf7_container_post\" value=\"0\" \/>\n<input type=\"hidden\" name=\"_wpcf7_posted_data_hash\" value=\"\" \/>\n<input type=\"hidden\" name=\"_wpcf7_recaptcha_response\" value=\"\" \/>\n<\/div>\n<div class=\"ptf-form-row two-col\">\n  <div class=\"ptf-form-group\">\n    <input size=\"40\" class=\"wpcf7-form-control wpcf7-text wpcf7-validates-as-required ptf-form-control style-3\" aria-required=\"true\" aria-invalid=\"false\" value=\"\" type=\"text\" name=\"your-name\" \/>\n    <label class=\"ptf-form-label style-3\">Nom<\/label>\n  <\/div>\n  <div class=\"ptf-form-group\">\n    <input size=\"40\" class=\"wpcf7-form-control wpcf7-email wpcf7-validates-as-required wpcf7-text wpcf7-validates-as-email ptf-form-control style-3\" aria-required=\"true\" aria-invalid=\"false\" value=\"\" type=\"email\" name=\"your-email\" \/>\n    <label class=\"ptf-form-label style-3\">E-mail<\/label>\n  <\/div>\n<\/div>\n<div class=\"ptf-form-group\">\n  <textarea cols=\"40\" rows=\"5\" class=\"wpcf7-form-control wpcf7-textarea ptf-form-control style-3\" aria-invalid=\"false\" name=\"your-message\"><\/textarea>\n  <label class=\"ptf-form-label style-3\">Missatge<\/label>\n<\/div>\n<div class=\"ptf-form-group\">\n  <input size=\"40\" class=\"wpcf7-form-control wpcf7-file d-none\" id=\"your-file\" accept=\".pdf,.doc\" aria-invalid=\"false\" type=\"file\" name=\"your-file\" \/>\n  <label for=\"your-file\" class=\"ptf-form-file-label style-3\">\n    <svg width=\"16\" height=\"16\" viewBox=\"0 0 16 16\" fill=\"none\" xmlns=\"http:\/\/www.w3.org\/2000\/svg\">\n      <path d=\"M14.6439 1.67626C12.8903 -0.0395509 10.0869 -0.0391777 8.33369 1.67711L0.980778 9.03006C-0.348776 10.391 -0.323367 12.572 1.03753 13.9015C2.37604 15.2092 4.51374 15.2092 5.85225 13.9015L12.5104 7.24335C13.376 6.37777 13.376 4.97436 12.5104 4.10879C11.6449 3.24322 10.2414 3.24322 9.37587 4.10879L3.00717 10.4775C2.78503 10.7075 2.79141 11.074 3.02141 11.2961C3.24579 11.5128 3.60148 11.5128 3.82586 11.2961L10.1945 4.92745C10.6169 4.52287 11.2872 4.53729 11.6917 4.95961C12.0841 5.36917 12.0841 6.01512 11.6917 6.42469L5.03359 13.0828C4.13413 13.9695 2.68614 13.9591 1.79947 13.0597C0.92175 12.1693 0.92175 10.7391 1.79947 9.84872L9.15238 2.49577C10.4621 1.18555 12.586 1.18518 13.8962 2.49489C15.2064 3.80459 15.2068 5.92848 13.8971 7.2387L6.54413 14.5916C6.30126 14.7996 6.27297 15.1651 6.48096 15.408C6.68895 15.6509 7.05445 15.6792 7.29731 15.4712C7.31997 15.4518 7.34107 15.4307 7.36048 15.408L14.7134 8.05505C16.4557 6.2744 16.4246 3.4185 14.6439 1.67626Z\" fill=\"currentColor\"\/>\n    <\/svg>\n    <span>Adjuntar fitxers (.doc;.pdf)<\/span>\n  <\/label>\n<\/div>\n\n<div class=\"privacidad white ptf-form-group\">\n  <label><input type=\"checkbox\" name=\"privacidad\" value=\"1\" aria-invalid=\"false\" \/><span class=\"wpcf7-list-item-label\">Confirmo que he llegit, entenc i accepto la <a target=\"_blank\" href=\"\/ca\/termes-condicions\/\">pol\u00edtica de privadesa<\/a><\/span><\/label>\n<\/div>\n\n<button class=\"ptf-btn ptf-btn--primary ptf-btn--primary-inverse\">\n  Enviar\n  <svg xmlns=\"http:\/\/www.w3.org\/2000\/svg\" fill=\"none\" viewBox=\"0 0 75 75\">\n    <path fill=\"currentColor\" d=\"M15 0v7.5h47.212L0 69.713 5.287 75 67.5 12.788V60H75V0H15Z\"\/>\n  <\/svg>\n<\/button><div class=\"wpcf7-response-output\" aria-hidden=\"true\"><\/div>\n<\/form>\n<\/div>\n\n\t\t<\/div>\n\n\t\t\t\t<\/div>\n\t\t\t\t<\/div>\n\t\t\t\t\t<\/div>\n\t\t<\/div>\n\t\t\t\t\t<\/div>\n\t\t<\/section>\n\t\t\t\t<\/div>\n\t\t","protected":false},"excerpt":{"rendered":"<p>Coneix Instain Sobre Nosaltres Avui en dia, tot negoci dep\u00e8n de la tecnologia.Passem 15 hores del nostre dia connectats a unordinador o al m\u00f2bil. Per poder ser productius,un manteniment inform\u00e0tic correcte \u00e9s imprescindible. El meu nom \u00e9s Jordi Llisas, fundador d&#8217;Instain Systems, graduat a ADE i Enginyeria Inform\u00e0tica, col\u00b7legiat al Col\u00b7legi d&#8217;Inform\u00e0tics de Barcelona. Vaig [&hellip;]<\/p>\n","protected":false},"author":1,"featured_media":0,"parent":0,"menu_order":0,"comment_status":"closed","ping_status":"closed","template":"template-custom-page.php","meta":{"inline_featured_image":false,"_vp_format_video_url":"","_vp_image_focal_point":[],"footnotes":""},"yoast_head":"<!-- This site is optimized with the Yoast SEO plugin v22.8 - https:\/\/yoast.com\/wordpress\/plugins\/seo\/ -->\n<title>Sobre Nosaltres - Instain<\/title>\n<meta name=\"robots\" content=\"index, follow, max-snippet:-1, max-image-preview:large, max-video-preview:-1\" \/>\n<link rel=\"canonical\" href=\"https:\/\/instain.com\/ca\/sobre-nosaltres\/\" \/>\n<meta property=\"og:locale\" content=\"ca_ES\" \/>\n<meta property=\"og:type\" content=\"article\" \/>\n<meta property=\"og:title\" content=\"Sobre Nosaltres - Instain\" \/>\n<meta property=\"og:description\" content=\"Coneix Instain Sobre Nosaltres Avui en dia, tot negoci dep\u00e8n de la tecnologia.Passem 15 hores del nostre dia connectats a unordinador o al m\u00f2bil. Per poder ser productius,un manteniment inform\u00e0tic correcte \u00e9s imprescindible. El meu nom \u00e9s Jordi Llisas, fundador d&#8217;Instain Systems, graduat a ADE i Enginyeria Inform\u00e0tica, col\u00b7legiat al Col\u00b7legi d&#8217;Inform\u00e0tics de Barcelona. Vaig [&hellip;]\" \/>\n<meta property=\"og:url\" content=\"https:\/\/instain.com\/ca\/sobre-nosaltres\/\" \/>\n<meta property=\"og:site_name\" content=\"Instain\" \/>\n<meta property=\"article:modified_time\" content=\"2022-04-06T09:42:26+00:00\" \/>\n<meta name=\"twitter:card\" content=\"summary_large_image\" \/>\n<meta name=\"twitter:label1\" content=\"Temps estimat de lectura\" \/>\n\t<meta name=\"twitter:data1\" content=\"2 minutes\" \/>\n<script type=\"application\/ld+json\" class=\"yoast-schema-graph\">{\"@context\":\"https:\/\/schema.org\",\"@graph\":[{\"@type\":\"WebPage\",\"@id\":\"https:\/\/instain.com\/ca\/sobre-nosaltres\/\",\"url\":\"https:\/\/instain.com\/ca\/sobre-nosaltres\/\",\"name\":\"Sobre Nosaltres - Instain\",\"isPartOf\":{\"@id\":\"https:\/\/instain.com\/#website\"},\"datePublished\":\"2022-03-24T11:48:08+00:00\",\"dateModified\":\"2022-04-06T09:42:26+00:00\",\"breadcrumb\":{\"@id\":\"https:\/\/instain.com\/ca\/sobre-nosaltres\/#breadcrumb\"},\"inLanguage\":\"ca\",\"potentialAction\":[{\"@type\":\"ReadAction\",\"target\":[\"https:\/\/instain.com\/ca\/sobre-nosaltres\/\"]}]},{\"@type\":\"BreadcrumbList\",\"@id\":\"https:\/\/instain.com\/ca\/sobre-nosaltres\/#breadcrumb\",\"itemListElement\":[{\"@type\":\"ListItem\",\"position\":1,\"name\":\"Inici\",\"item\":\"https:\/\/instain.com\/ca\/\"},{\"@type\":\"ListItem\",\"position\":2,\"name\":\"Sobre Nosaltres\"}]},{\"@type\":\"WebSite\",\"@id\":\"https:\/\/instain.com\/#website\",\"url\":\"https:\/\/instain.com\/\",\"name\":\"Instain\",\"description\":\"\",\"potentialAction\":[{\"@type\":\"SearchAction\",\"target\":{\"@type\":\"EntryPoint\",\"urlTemplate\":\"https:\/\/instain.com\/?s={search_term_string}\"},\"query-input\":\"required name=search_term_string\"}],\"inLanguage\":\"ca\"}]}<\/script>\n<!-- \/ Yoast SEO plugin. -->","yoast_head_json":{"title":"Sobre Nosaltres - Instain","robots":{"index":"index","follow":"follow","max-snippet":"max-snippet:-1","max-image-preview":"max-image-preview:large","max-video-preview":"max-video-preview:-1"},"canonical":"https:\/\/instain.com\/ca\/sobre-nosaltres\/","og_locale":"ca_ES","og_type":"article","og_title":"Sobre Nosaltres - Instain","og_description":"Coneix Instain Sobre Nosaltres Avui en dia, tot negoci dep\u00e8n de la tecnologia.Passem 15 hores del nostre dia connectats a unordinador o al m\u00f2bil. Per poder ser productius,un manteniment inform\u00e0tic correcte \u00e9s imprescindible. El meu nom \u00e9s Jordi Llisas, fundador d&#8217;Instain Systems, graduat a ADE i Enginyeria Inform\u00e0tica, col\u00b7legiat al Col\u00b7legi d&#8217;Inform\u00e0tics de Barcelona. Vaig [&hellip;]","og_url":"https:\/\/instain.com\/ca\/sobre-nosaltres\/","og_site_name":"Instain","article_modified_time":"2022-04-06T09:42:26+00:00","twitter_card":"summary_large_image","twitter_misc":{"Temps estimat de lectura":"2 minutes"},"schema":{"@context":"https:\/\/schema.org","@graph":[{"@type":"WebPage","@id":"https:\/\/instain.com\/ca\/sobre-nosaltres\/","url":"https:\/\/instain.com\/ca\/sobre-nosaltres\/","name":"Sobre Nosaltres - Instain","isPartOf":{"@id":"https:\/\/instain.com\/#website"},"datePublished":"2022-03-24T11:48:08+00:00","dateModified":"2022-04-06T09:42:26+00:00","breadcrumb":{"@id":"https:\/\/instain.com\/ca\/sobre-nosaltres\/#breadcrumb"},"inLanguage":"ca","potentialAction":[{"@type":"ReadAction","target":["https:\/\/instain.com\/ca\/sobre-nosaltres\/"]}]},{"@type":"BreadcrumbList","@id":"https:\/\/instain.com\/ca\/sobre-nosaltres\/#breadcrumb","itemListElement":[{"@type":"ListItem","position":1,"name":"Inici","item":"https:\/\/instain.com\/ca\/"},{"@type":"ListItem","position":2,"name":"Sobre Nosaltres"}]},{"@type":"WebSite","@id":"https:\/\/instain.com\/#website","url":"https:\/\/instain.com\/","name":"Instain","description":"","potentialAction":[{"@type":"SearchAction","target":{"@type":"EntryPoint","urlTemplate":"https:\/\/instain.com\/?s={search_term_string}"},"query-input":"required name=search_term_string"}],"inLanguage":"ca"}]}},"_links":{"self":[{"href":"https:\/\/instain.com\/ca\/wp-json\/wp\/v2\/pages\/2836"}],"collection":[{"href":"https:\/\/instain.com\/ca\/wp-json\/wp\/v2\/pages"}],"about":[{"href":"https:\/\/instain.com\/ca\/wp-json\/wp\/v2\/types\/page"}],"author":[{"embeddable":true,"href":"https:\/\/instain.com\/ca\/wp-json\/wp\/v2\/users\/1"}],"replies":[{"embeddable":true,"href":"https:\/\/instain.com\/ca\/wp-json\/wp\/v2\/comments?post=2836"}],"version-history":[{"count":10,"href":"https:\/\/instain.com\/ca\/wp-json\/wp\/v2\/pages\/2836\/revisions"}],"predecessor-version":[{"id":2849,"href":"https:\/\/instain.com\/ca\/wp-json\/wp\/v2\/pages\/2836\/revisions\/2849"}],"wp:attachment":[{"href":"https:\/\/instain.com\/ca\/wp-json\/wp\/v2\/media?parent=2836"}],"curies":[{"name":"wp","href":"https:\/\/api.w.org\/{rel}","templated":true}]}}